{"id":17394,"date":"2022-02-14T08:23:41","date_gmt":"2022-02-14T08:23:41","guid":{"rendered":"http:\/\/flex-energy-wordpress-e6567a-95-217-155-156.traefik.me\/politica-de-privacidade\/"},"modified":"2024-06-05T10:17:22","modified_gmt":"2024-06-05T10:17:22","slug":"politica-de-privacidade","status":"publish","type":"page","link":"https:\/\/flex-energy.pt\/pt-pt\/politica-de-privacidade\/","title":{"rendered":"Pol\u00edtica de Privacidade"},"content":{"rendered":"\t\t<div data-elementor-type=\"wp-page\" data-elementor-id=\"17394\" class=\"elementor elementor-17394 elementor-15998\">\n\t\t\t\t\t\t<section class=\"elementor-section elementor-top-section elementor-element elementor-element-7b973872 elementor-section-boxed elementor-section-height-default elementor-section-height-default\" data-id=\"7b973872\" data-element_type=\"section\">\n\t\t\t\t\t\t<div class=\"elementor-container elementor-column-gap-default\">\n\t\t\t\t\t<div class=\"elementor-column elementor-col-100 elementor-top-column elementor-element elementor-element-6c7b6be0\" data-id=\"6c7b6be0\" data-element_type=\"column\">\n\t\t\t<div class=\"elementor-widget-wrap elementor-element-populated\">\n\t\t\t\t\t\t<div class=\"elementor-element elementor-element-74140497 elementor-widget elementor-widget-text-editor\" data-id=\"74140497\" data-element_type=\"widget\" data-widget_type=\"text-editor.default\">\n\t\t\t\t<div class=\"elementor-widget-container\">\n\t\t\t\t\t\t\t<p><\/p>\n<p><strong>Flex Renewables,Lda, <\/strong>doravante denominada de<strong> FlexEnergy, <\/strong>respeita a privacidade e os dados pessoais dos visitantes de <a href=\"https:\/\/flexenergy.pt\">www.flexenergy.pt<\/a> e toma medidas para proteger as suas informa\u00e7\u00f5es. Atrav\u00e9s desta pol\u00edtica, pretendemos comunicar os dados que recolhemos e como os utilizamos, bem como divulgar as normas de seguran\u00e7a adotadas para proteger a identidade e os dados pessoais dos nossos visitantes.<\/p>\n<p>Toda a informa\u00e7\u00e3o pessoal obtida ser\u00e1 registada, utilizada e protegida de acordo com a aplica\u00e7\u00e3o da legisla\u00e7\u00e3o nacional e internacional de prote\u00e7\u00e3o de dados e de esta pol\u00edtica de privacidade e cookies. Tenha em aten\u00e7\u00e3o, no entanto, que no fornecimento de informa\u00e7\u00e3o pessoal online existe o risco de terceiros poderem interceptar e utilizar a informa\u00e7\u00e3o, pelo que em termos de seguran\u00e7a de qualquer informa\u00e7\u00e3o divulgada online, f\u00e1-lo-\u00e1 por sua conta e risco.<\/p>\n<h5><span style=\"color: #00c676;\">1.<\/span> Abrang\u00eancia<\/h5>\n<p>A presente Pol\u00edtica de Privacidade aplica-se exclusivamente ao tratamento de dados pessoais efetuado pela<strong> FlexEnergy<\/strong> ou por qualquer das empresas do grupo em que se integre, no \u00e2mbito das finalidades a que se destina. Para efeitos desta pol\u00edtica, qualquer informa\u00e7\u00e3o relativa a uma pessoa singular identificada ou identific\u00e1vel (titular dos dados) \u00e9 considerada um dado pessoal. \u00c9 identific\u00e1vel o titular dos dados que possa ser reconhecido diretamente ou indiretamente, nomeadamente atrav\u00e9s de um n\u00famero de identifica\u00e7\u00e3o ou atrav\u00e9s de caracter\u00edsticas espec\u00edficas da sua identidade f\u00edsica, fisiol\u00f3gica, gen\u00e9tica, mental, econ\u00f3mica, cultural ou social.<\/p>\n<h5><span style=\"color: #00c676;\">2.<\/span> Respons\u00e1vel pelo tratamento (Controlador)<\/h5>\n<p>A<strong> FlexEnergy<\/strong> \u00e9 respons\u00e1vel pelo tratamento dos dados pessoais (a seguir designado por \u201cControlador\u201d) nos termos do Regulamento Geral de Prote\u00e7\u00e3o de Dados e da legisla\u00e7\u00e3o complementar de prote\u00e7\u00e3o de dados pessoais em vigor a n\u00edvel nacional e internacional.<\/p>\n<h5><span style=\"color: #00c676;\">3.<\/span> Dados reunidos<\/h5>\n<p>Nesta Pol\u00edtica de Privacidade, o termo \u201cDados Pessoais\u201d significa o conjunto de informa\u00e7\u00f5es que est\u00e3o relacionadas com os visitantes e que nos permitem identific\u00e1-lo, direta ou indiretamente. Os dados pessoais podem incluir, por exemplo, o seu nome, morada, n\u00famero de telefone e endere\u00e7o de e-mail. Podemos tamb\u00e9m receber dados pessoais de outras empresas, nomeadamente quando estas os recolhem, tratam ou armazenam no \u00e2mbito de um contrato de presta\u00e7\u00e3o de servi\u00e7os.<\/p>\n<h5><span style=\"color: #00c676;\">4.<\/span> Objetivos da recolha e processamento de dados<\/h5>\n<p>Utilizamos os dados pessoais, nomeadamente, para as seguintes finalidades:<\/p>\n<ul>\n<li>Marketing \u2013 para informar sobre not\u00edcias que possam ser de interesse;<\/li>\n<li>Gest\u00e3o de utilizadores do Website;<\/li>\n<li>Cumprimento das obriga\u00e7\u00f5es legais, entre outras, perante os nossos acionistas;<\/li>\n<li>Recrutamento de colaboradores para a<strong> FlexEnergy<\/strong>;<\/li>\n<li>Cumprimento das obriga\u00e7\u00f5es decorrentes dos contratos que celebramos com os nossos parceiros.<\/li>\n<\/ul>\n<h5><span style=\"color: #00c676;\">5.<\/span> Per\u00edodo de reten\u00e7\u00e3o de dados<\/h5>\n<p>Preservamos os dados pessoais apenas durante o tempo necess\u00e1rio para cumprir as finalidades definidas no n\u00famero 4. acima e para cumprir a lei. Uma vez atingido o per\u00edodo m\u00e1ximo de reten\u00e7\u00e3o, os dados pessoais ser\u00e3o anonimizados ou destru\u00eddos\/exclu\u00eddos com seguran\u00e7a.<\/p>\n<h5><span style=\"color: #00c676;\">6.<\/span> Partilha de dados pessoais<\/h5>\n<p>Em alguns casos, podemos tamb\u00e9m divulgar os dados pessoais a outras entidades, no \u00e2mbito de servi\u00e7os por elas prestados ou por for\u00e7a de obriga\u00e7\u00f5es contratuais. Nesses casos, exigimos que cada entidade a quem divulgamos dados tenha medidas de seguran\u00e7a adequadas que possam proteger os dados pessoais. Quando exigido por lei, tamb\u00e9m podemos ter que divulgar dados pessoais a autoridades ou terceiros, caso em que o nosso controlo sobre como os dados pessoais s\u00e3o protegidos \u00e9 limitado.<\/p>\n<h5><span style=\"color: #00c676;\">7.<\/span> Exerc\u00edcio dos direitos de prote\u00e7\u00e3o de dados<\/h5>\n<p>Em determinadas circunst\u00e2ncias previstas no Regulamento Geral de Prote\u00e7\u00e3o de Dados, enquanto Titular dos Dados tem o direito de nos aceder ou solicitar, nomeadamente:<\/p>\n<ul>\n<li>Informa\u00e7\u00f5es adicionais sobre a utiliza\u00e7\u00e3o dos dados pessoais;<\/li>\n<li>Dados pessoais;<\/li>\n<li>Informa\u00e7\u00e3o sobre a ced\u00eancia dos dados pessoais que nos deferiu a outra entidade;<\/li>\n<li>Atualiza\u00e7\u00e3o dos dados pessoais;<\/li>\n<li>A elimina\u00e7\u00e3o dos dados pessoais;<\/li>\n<li>Oposi\u00e7\u00e3o ao tratamento dos dados pessoais;<\/li>\n<li>Limitar a forma como utilizamos os dados pessoais enquanto os corrigimos ou esclarecemos quaisquer d\u00favidas sobre o conte\u00fado ou sobre a utiliza\u00e7\u00e3o que deles fazemos;<\/li>\n<li>Disponibilizar um endere\u00e7o para contestar decis\u00f5es que tiveram como base nos dados pessoais.<\/li>\n<\/ul>\n<p>Tem o direito de retirar ou alterar, a qualquer momento, o consentimento que permitiu para a utiliza\u00e7\u00e3o dos dados pessoais. Excetua-se o exerc\u00edcio destes direitos quando os dados pessoais sejam utilizados para salvaguarda do interesse p\u00fablico, nomeadamente em casos de dete\u00e7\u00e3o e preven\u00e7\u00e3o de crimes, ou quando estejam sujeitos a sigilo profissional. Para exercer os direitos de prote\u00e7\u00e3o de dados pessoais ou sempre que haja alguma d\u00favida sobre a utiliza\u00e7\u00e3o que fazemos dos dados pessoais, dever\u00e1 contactar-nos atrav\u00e9s dos seguintes meios:<\/p>\n<ul>\n<li>Morada: Rua Principal n.\u00ba 1894 \u2013 Silva Escura, 3740-338 Sever do Vouga<\/li>\n<li>E-mail: <a href=\"mailto:info@flexenergy.pt\">info@flexenergy.pt<\/a><\/li>\n<\/ul>\n<h5><span style=\"color: #00c676;\">8.<\/span> Cookies<\/h5>\n<p><strong>FlexEnergy<\/strong> utiliza cookies no website que nos permite melhorar o desempenho e a experi\u00eancia de navega\u00e7\u00e3o dos nossos utilizadores, aumentando, por um lado, a rapidez e efici\u00eancia de resposta e, por outro, eliminando a necessidade de introduzir repetidamente as mesmas informa\u00e7\u00f5es. Cookies s\u00e3o pequenos arquivos de texto transferidos para o disco r\u00edgido do computador do visitante por meio de seu navegador da web e nos permite reconhecer seu navegador, bem como investigar os visitantes do nosso site. Os cookies utilizados pela WAM Horizon, no website, n\u00e3o recolhe informa\u00e7\u00e3o pessoal que permita identificar o utilizador, guardando apenas informa\u00e7\u00e3o gen\u00e9rica, nomeadamente a forma e\/ou local de acesso do utilizador e a forma como o website \u00e9 utilizado. Os cookies que usamos n\u00e3o detetam nenhuma informa\u00e7\u00e3o armazenada no seu equipamento. Esta informa\u00e7\u00e3o ou dados s\u00e3o armazenados de forma an\u00f3nima e servem apenas para an\u00e1lise estat\u00edstica generalizada, webmining, com o objetivo de melhorar os nossos servi\u00e7os. No entanto, se n\u00e3o desejar receber cookies ou deseja ser avisado sobre o uso de cookies, ajuste as configura\u00e7\u00f5es do navegador de acordo.<\/p>\n<ul>\n<li>Contacto: Quaisquer quest\u00f5es ou coment\u00e1rios relativos ao nosso website e\/ou \u00e0 nossa pol\u00edtica de privacidade e cookies, devem ser enviados para o e-mail e morada referidos no ponto 7 abaixo.<\/li>\n<\/ul>\n<p>A Pol\u00edtica de Privacidade e Cookies aplica-se apenas \u00e0s informa\u00e7\u00f5es recolhidas por meio do nosso site e n\u00e3o a quaisquer outras comunica\u00e7\u00f5es online. Esta Pol\u00edtica poder\u00e1 ser atualizada oportunamente, a qual ser\u00e1 divulgada atrav\u00e9s dos seguintes meios: <a href=\"http:\/\/flex-energy-wordpress-e6567a-95-217-155-156.traefik.me\/\">www.flexenergy.pt<\/a>.<\/p>\n<h5><span style=\"color: #00c676;\">9.<\/span> Isen\u00e7\u00e3o de responsabilidade<\/h5>\n<p><strong>FlexEnergy<\/strong> n\u00e3o pode ser responsabilizada por quaisquer danos ou preju\u00edzos de responsabilidade civil (incluindo, mas n\u00e3o se limitando a, danos, lucros cessantes e danos morais, causados direta ou indiretamente) que surjam em decorr\u00eancia do uso, correto ou incorreto, dos sites eletr\u00f4nicos e conte\u00fados do utilizador, acesso ao computador e sistema de computador do utilizador por terceiros. As informa\u00e7\u00f5es divulgadas devem ser consideradas de forma informativa. Apesar dos esfor\u00e7os da <strong>FlexEnergy<\/strong> para manter os conte\u00fados atualizados e confi\u00e1veis, pode conter imprecis\u00f5es, erros de reda\u00e7\u00e3o ou estar desatualizados, de modo que a <strong>FlexEnergy<\/strong> n\u00e3o pode ser responsabilizada pela total exatid\u00e3o e atualidade de qualquer informa\u00e7\u00e3o contida no website. O website pode conter links para websites operados por terceiros sobre os quais n\u00e3o tem controlo e pelo quais n\u00e3o assume nenhuma responsabilidade. A visualiza\u00e7\u00e3o das disposi\u00e7\u00f5es legais neste website, n\u00e3o dispensa a consulta das normas legais em vigor, oficialmente aprovadas, publicadas nas edi\u00e7\u00f5es e suportes originais (nomeadamente no Di\u00e1rio da Rep\u00fablica ou no Jornal Oficial da Uni\u00e3o Europeia).<\/p>\n<p><\/p>\t\t\t\t\t\t<\/div>\n\t\t\t\t<\/div>\n\t\t\t\t\t<\/div>\n\t\t<\/div>\n\t\t\t\t\t<\/div>\n\t\t<\/section>\n\t\t\t\t<\/div>\n\t\t","protected":false},"excerpt":{"rendered":"<p>Flex Renewables,Lda, doravante denominada de FlexEnergy, respeita a privacidade e os dados pessoais dos visitantes de www.flexenergy.pt e toma medidas para proteger as suas informa\u00e7\u00f5es. Atrav\u00e9s desta pol\u00edtica, pretendemos comunicar os dados que recolhemos e como os utilizamos, bem como divulgar&#8230;<\/p>\n","protected":false},"author":1,"featured_media":17372,"parent":0,"menu_order":0,"comment_status":"closed","ping_status":"closed","template":"","meta":{"footnotes":""},"class_list":["post-17394","page","type-page","status-publish","has-post-thumbnail","hentry"],"yoast_head":"<!-- This site is optimized with the Yoast SEO plugin v22.8 - https:\/\/yoast.com\/wordpress\/plugins\/seo\/ -->\n<title>Pol\u00edtica de Privacidade<\/title>\n<meta name=\"robots\" content=\"index, follow, max-snippet:-1, max-image-preview:large, max-video-preview:-1\" \/>\n<link rel=\"canonical\" href=\"https:\/\/flex-energy.pt\/privacy-policy\/\" \/>\n<meta property=\"og:locale\" content=\"pt_PT\" \/>\n<meta property=\"og:type\" content=\"article\" \/>\n<meta property=\"og:title\" content=\"Pol\u00edtica de Privacidade\" \/>\n<meta property=\"og:description\" content=\"Flex Renewables,Lda, doravante denominada de FlexEnergy, respeita a privacidade e os dados pessoais dos visitantes de www.flexenergy.pt e toma medidas para proteger as suas informa\u00e7\u00f5es. Atrav\u00e9s desta pol\u00edtica, pretendemos comunicar os dados que recolhemos e como os utilizamos, bem como divulgar...\" \/>\n<meta property=\"og:url\" content=\"https:\/\/flex-energy.pt\/privacy-policy\/\" \/>\n<meta property=\"og:site_name\" content=\"FlexEnergy\" \/>\n<meta property=\"article:modified_time\" content=\"2024-06-05T10:17:22+00:00\" \/>\n<meta property=\"og:image\" content=\"https:\/\/flex-energy.pt\/wp-content\/uploads\/2024\/05\/home2-slide2.jpg\" \/>\n\t<meta property=\"og:image:width\" content=\"1920\" \/>\n\t<meta property=\"og:image:height\" content=\"843\" \/>\n\t<meta property=\"og:image:type\" content=\"image\/jpeg\" \/>\n<meta name=\"twitter:card\" content=\"summary_large_image\" \/>\n<meta name=\"twitter:label1\" content=\"Tempo estimado de leitura\" \/>\n\t<meta name=\"twitter:data1\" content=\"6 minutos\" \/>\n<script type=\"application\/ld+json\" class=\"yoast-schema-graph\">{\"@context\":\"https:\/\/schema.org\",\"@graph\":[{\"@type\":\"WebPage\",\"@id\":\"https:\/\/flex-energy.pt\/privacy-policy\/\",\"url\":\"https:\/\/flex-energy.pt\/privacy-policy\/\",\"name\":\"Pol\u00edtica de Privacidade\",\"isPartOf\":{\"@id\":\"https:\/\/flex-energy.pt\/#website\"},\"primaryImageOfPage\":{\"@id\":\"https:\/\/flex-energy.pt\/privacy-policy\/#primaryimage\"},\"image\":{\"@id\":\"https:\/\/flex-energy.pt\/privacy-policy\/#primaryimage\"},\"thumbnailUrl\":\"https:\/\/flex-energy.pt\/wp-content\/uploads\/2024\/05\/home2-slide2.jpg\",\"datePublished\":\"2022-02-14T08:23:41+00:00\",\"dateModified\":\"2024-06-05T10:17:22+00:00\",\"breadcrumb\":{\"@id\":\"https:\/\/flex-energy.pt\/privacy-policy\/#breadcrumb\"},\"inLanguage\":\"pt-PT\",\"potentialAction\":[{\"@type\":\"ReadAction\",\"target\":[\"https:\/\/flex-energy.pt\/privacy-policy\/\"]}]},{\"@type\":\"ImageObject\",\"inLanguage\":\"pt-PT\",\"@id\":\"https:\/\/flex-energy.pt\/privacy-policy\/#primaryimage\",\"url\":\"https:\/\/flex-energy.pt\/wp-content\/uploads\/2024\/05\/home2-slide2.jpg\",\"contentUrl\":\"https:\/\/flex-energy.pt\/wp-content\/uploads\/2024\/05\/home2-slide2.jpg\",\"width\":1920,\"height\":843},{\"@type\":\"BreadcrumbList\",\"@id\":\"https:\/\/flex-energy.pt\/privacy-policy\/#breadcrumb\",\"itemListElement\":[{\"@type\":\"ListItem\",\"position\":1,\"name\":\"In\u00edcio\",\"item\":\"https:\/\/flex-energy.pt\/pt-pt\/\"},{\"@type\":\"ListItem\",\"position\":2,\"name\":\"Pol\u00edtica de Privacidade\"}]},{\"@type\":\"WebSite\",\"@id\":\"https:\/\/flex-energy.pt\/#website\",\"url\":\"https:\/\/flex-energy.pt\/\",\"name\":\"FlexEnergy\",\"description\":\"\",\"publisher\":{\"@id\":\"https:\/\/flex-energy.pt\/#organization\"},\"potentialAction\":[{\"@type\":\"SearchAction\",\"target\":{\"@type\":\"EntryPoint\",\"urlTemplate\":\"https:\/\/flex-energy.pt\/?s={search_term_string}\"},\"query-input\":\"required name=search_term_string\"}],\"inLanguage\":\"pt-PT\"},{\"@type\":\"Organization\",\"@id\":\"https:\/\/flex-energy.pt\/#organization\",\"name\":\"FlexEnergy\",\"url\":\"https:\/\/flex-energy.pt\/\",\"logo\":{\"@type\":\"ImageObject\",\"inLanguage\":\"pt-PT\",\"@id\":\"https:\/\/flex-energy.pt\/#\/schema\/logo\/image\/\",\"url\":\"http:\/\/flex-energy-wordpress-e6567a-95-217-155-156.traefik.me\/wp-content\/uploads\/2024\/06\/organization-logo.jpg\",\"contentUrl\":\"http:\/\/flex-energy-wordpress-e6567a-95-217-155-156.traefik.me\/wp-content\/uploads\/2024\/06\/organization-logo.jpg\",\"width\":697,\"height\":697,\"caption\":\"FlexEnergy\"},\"image\":{\"@id\":\"https:\/\/flex-energy.pt\/#\/schema\/logo\/image\/\"},\"sameAs\":[\"https:\/\/www.linkedin.com\/company\/flexenergypt\/\"]}]}<\/script>\n<!-- \/ Yoast SEO plugin. -->","yoast_head_json":{"title":"Pol\u00edtica de Privacidade","robots":{"index":"index","follow":"follow","max-snippet":"max-snippet:-1","max-image-preview":"max-image-preview:large","max-video-preview":"max-video-preview:-1"},"canonical":"https:\/\/flex-energy.pt\/privacy-policy\/","og_locale":"pt_PT","og_type":"article","og_title":"Pol\u00edtica de Privacidade","og_description":"Flex Renewables,Lda, doravante denominada de FlexEnergy, respeita a privacidade e os dados pessoais dos visitantes de www.flexenergy.pt e toma medidas para proteger as suas informa\u00e7\u00f5es. Atrav\u00e9s desta pol\u00edtica, pretendemos comunicar os dados que recolhemos e como os utilizamos, bem como divulgar...","og_url":"https:\/\/flex-energy.pt\/privacy-policy\/","og_site_name":"FlexEnergy","article_modified_time":"2024-06-05T10:17:22+00:00","og_image":[{"width":1920,"height":843,"url":"https:\/\/flex-energy.pt\/wp-content\/uploads\/2024\/05\/home2-slide2.jpg","type":"image\/jpeg"}],"twitter_card":"summary_large_image","twitter_misc":{"Tempo estimado de leitura":"6 minutos"},"schema":{"@context":"https:\/\/schema.org","@graph":[{"@type":"WebPage","@id":"https:\/\/flex-energy.pt\/privacy-policy\/","url":"https:\/\/flex-energy.pt\/privacy-policy\/","name":"Pol\u00edtica de Privacidade","isPartOf":{"@id":"https:\/\/flex-energy.pt\/#website"},"primaryImageOfPage":{"@id":"https:\/\/flex-energy.pt\/privacy-policy\/#primaryimage"},"image":{"@id":"https:\/\/flex-energy.pt\/privacy-policy\/#primaryimage"},"thumbnailUrl":"https:\/\/flex-energy.pt\/wp-content\/uploads\/2024\/05\/home2-slide2.jpg","datePublished":"2022-02-14T08:23:41+00:00","dateModified":"2024-06-05T10:17:22+00:00","breadcrumb":{"@id":"https:\/\/flex-energy.pt\/privacy-policy\/#breadcrumb"},"inLanguage":"pt-PT","potentialAction":[{"@type":"ReadAction","target":["https:\/\/flex-energy.pt\/privacy-policy\/"]}]},{"@type":"ImageObject","inLanguage":"pt-PT","@id":"https:\/\/flex-energy.pt\/privacy-policy\/#primaryimage","url":"https:\/\/flex-energy.pt\/wp-content\/uploads\/2024\/05\/home2-slide2.jpg","contentUrl":"https:\/\/flex-energy.pt\/wp-content\/uploads\/2024\/05\/home2-slide2.jpg","width":1920,"height":843},{"@type":"BreadcrumbList","@id":"https:\/\/flex-energy.pt\/privacy-policy\/#breadcrumb","itemListElement":[{"@type":"ListItem","position":1,"name":"In\u00edcio","item":"https:\/\/flex-energy.pt\/pt-pt\/"},{"@type":"ListItem","position":2,"name":"Pol\u00edtica de Privacidade"}]},{"@type":"WebSite","@id":"https:\/\/flex-energy.pt\/#website","url":"https:\/\/flex-energy.pt\/","name":"FlexEnergy","description":"","publisher":{"@id":"https:\/\/flex-energy.pt\/#organization"},"potentialAction":[{"@type":"SearchAction","target":{"@type":"EntryPoint","urlTemplate":"https:\/\/flex-energy.pt\/?s={search_term_string}"},"query-input":"required name=search_term_string"}],"inLanguage":"pt-PT"},{"@type":"Organization","@id":"https:\/\/flex-energy.pt\/#organization","name":"FlexEnergy","url":"https:\/\/flex-energy.pt\/","logo":{"@type":"ImageObject","inLanguage":"pt-PT","@id":"https:\/\/flex-energy.pt\/#\/schema\/logo\/image\/","url":"http:\/\/flex-energy-wordpress-e6567a-95-217-155-156.traefik.me\/wp-content\/uploads\/2024\/06\/organization-logo.jpg","contentUrl":"http:\/\/flex-energy-wordpress-e6567a-95-217-155-156.traefik.me\/wp-content\/uploads\/2024\/06\/organization-logo.jpg","width":697,"height":697,"caption":"FlexEnergy"},"image":{"@id":"https:\/\/flex-energy.pt\/#\/schema\/logo\/image\/"},"sameAs":["https:\/\/www.linkedin.com\/company\/flexenergypt\/"]}]}},"_links":{"self":[{"href":"https:\/\/flex-energy.pt\/pt-pt\/wp-json\/wp\/v2\/pages\/17394","targetHints":{"allow":["GET"]}}],"collection":[{"href":"https:\/\/flex-energy.pt\/pt-pt\/wp-json\/wp\/v2\/pages"}],"about":[{"href":"https:\/\/flex-energy.pt\/pt-pt\/wp-json\/wp\/v2\/types\/page"}],"author":[{"embeddable":true,"href":"https:\/\/flex-energy.pt\/pt-pt\/wp-json\/wp\/v2\/users\/1"}],"replies":[{"embeddable":true,"href":"https:\/\/flex-energy.pt\/pt-pt\/wp-json\/wp\/v2\/comments?post=17394"}],"version-history":[{"count":10,"href":"https:\/\/flex-energy.pt\/pt-pt\/wp-json\/wp\/v2\/pages\/17394\/revisions"}],"predecessor-version":[{"id":18313,"href":"https:\/\/flex-energy.pt\/pt-pt\/wp-json\/wp\/v2\/pages\/17394\/revisions\/18313"}],"wp:featuredmedia":[{"embeddable":true,"href":"https:\/\/flex-energy.pt\/pt-pt\/wp-json\/wp\/v2\/media\/17372"}],"wp:attachment":[{"href":"https:\/\/flex-energy.pt\/pt-pt\/wp-json\/wp\/v2\/media?parent=17394"}],"curies":[{"name":"wp","href":"https:\/\/api.w.org\/{rel}","templated":true}]}}